{"id":6174,"date":"2022-06-17T07:37:01","date_gmt":"2022-06-17T07:37:01","guid":{"rendered":"https:\/\/simards.wpengine.com\/?page_id=6174"},"modified":"2022-06-17T07:37:01","modified_gmt":"2022-06-17T07:37:01","slug":"conditions-dutilisation","status":"publish","type":"page","link":"https:\/\/simards.ca\/fr\/conditions-dutilisation\/","title":{"rendered":"Conditions Dutilisation"},"content":{"rendered":"<div class=\"fusion-fullwidth fullwidth-box fusion-builder-row-1 fusion-flex-container nonhundred-percent-fullwidth non-hundred-percent-height-scrolling\" style=\"--awb-border-radius-top-left:0px;--awb-border-radius-top-right:0px;--awb-border-radius-bottom-right:0px;--awb-border-radius-bottom-left:0px;--awb-padding-bottom:50px;--awb-flex-wrap:wrap;\" ><div class=\"fusion-builder-row fusion-row fusion-flex-align-items-flex-start fusion-flex-content-wrap\" style=\"max-width:1248px;margin-left: calc(-4% \/ 2 );margin-right: calc(-4% \/ 2 );\"><div class=\"fusion-layout-column fusion_builder_column fusion-builder-column-0 fusion_builder_column_1_1 1_1 fusion-flex-column\" style=\"--awb-bg-size:cover;--awb-width-large:100%;--awb-margin-top-large:0px;--awb-spacing-right-large:1.92%;--awb-margin-bottom-large:20px;--awb-spacing-left-large:1.92%;--awb-width-medium:100%;--awb-order-medium:0;--awb-spacing-right-medium:1.92%;--awb-spacing-left-medium:1.92%;--awb-width-small:100%;--awb-order-small:0;--awb-spacing-right-small:1.92%;--awb-spacing-left-small:1.92%;\"><div class=\"fusion-column-wrapper fusion-column-has-shadow fusion-flex-justify-content-flex-start fusion-content-layout-column\"><div class=\"fusion-title title fusion-title-1 fusion-sep-none fusion-title-text fusion-title-size-one\" style=\"--awb-margin-top-small:10px;--awb-margin-right-small:0px;--awb-margin-bottom-small:10px;--awb-margin-left-small:0px;\"><h1 class=\"fusion-title-heading title-heading-left\" style=\"margin:0;\">Conditions Dutilisation<\/h1><\/div><div class=\"fusion-title title fusion-title-2 fusion-sep-none fusion-title-text fusion-title-size-four\" style=\"--awb-margin-top-small:10px;--awb-margin-right-small:0px;--awb-margin-bottom-small:10px;--awb-margin-left-small:0px;\"><h4 class=\"fusion-title-heading title-heading-left\" style=\"margin:0;\">AUCUN AVIS JURIDIQUE<\/h4><\/div><div class=\"fusion-text fusion-text-1\"><p>Les renseignements qui figurent dans ce site web Ne SONT PAS UN AVIS JURIDIQUE. Il y a de nombreux facteurs qui sont inconnus \u00e0 Simard et Associ\u00e9s qui peuvent avoir un effet sur l\u2019application des d\u00e9clarations ou des commentaires de Simard et Associ\u00e9s \u00e0 votre situation particuli\u00e8re.<\/p>\n<\/div><div class=\"fusion-title title fusion-title-3 fusion-sep-none fusion-title-text fusion-title-size-four\" style=\"--awb-margin-top-small:10px;--awb-margin-right-small:0px;--awb-margin-bottom-small:10px;--awb-margin-left-small:0px;\"><h4 class=\"fusion-title-heading title-heading-left\" style=\"margin:0;\">EMBAUCHE DE SIMARD &#038; ASSOCI\u00c9S<\/h4><\/div><div class=\"fusion-text fusion-text-2\"><p>Aucune communication \u00e9chang\u00e9e sur notre site web ne cr\u00e9e une relation procureur-client. Nos services ne seront retenus que lorsque Simard et Associ\u00e9s aura confirm\u00e9 le mandat par convention, lettre ou courriel avec un(e) client(e). Aucune communication achemin\u00e9e par l\u2019entremise de ce site ne peut \u00eatre trait\u00e9e comme \u00e9tant confidentielle.<\/p>\n<\/div><\/div><\/div><\/div><\/div>\n","protected":false},"excerpt":{"rendered":"","protected":false},"author":1,"featured_media":0,"parent":0,"menu_order":0,"comment_status":"closed","ping_status":"closed","template":"100-width.php","meta":{"footnotes":""},"class_list":["post-6174","page","type-page","status-publish","hentry"],"yoast_head":"<!-- This site is optimized with the Yoast SEO plugin v27.3 - https:\/\/yoast.com\/product\/yoast-seo-wordpress\/ -->\n<title>Conditions Dutilisation - Simard &amp; Associates<\/title>\n<meta name=\"description\" content=\"| Simard &amp; Associates\" \/>\n<meta name=\"robots\" content=\"index, follow, max-snippet:-1, max-image-preview:large, max-video-preview:-1\" \/>\n<link rel=\"canonical\" href=\"https:\/\/simards.ca\/fr\/conditions-dutilisation\/\" \/>\n<meta property=\"og:locale\" content=\"fr_FR\" \/>\n<meta property=\"og:type\" content=\"article\" \/>\n<meta property=\"og:title\" content=\"Conditions Dutilisation - Simard &amp; Associates\" \/>\n<meta property=\"og:description\" content=\"| Simard &amp; Associates\" \/>\n<meta property=\"og:url\" content=\"https:\/\/simards.ca\/fr\/conditions-dutilisation\/\" \/>\n<meta property=\"og:site_name\" content=\"Simard &amp; Associates\" \/>\n<meta name=\"twitter:card\" content=\"summary_large_image\" \/>\n<meta name=\"twitter:label1\" content=\"Dur\u00e9e de lecture estim\u00e9e\" \/>\n\t<meta name=\"twitter:data1\" content=\"7 minutes\" \/>\n<script type=\"application\/ld+json\" class=\"yoast-schema-graph\">{\"@context\":\"https:\\\/\\\/schema.org\",\"@graph\":[{\"@type\":\"WebPage\",\"@id\":\"https:\\\/\\\/simards.ca\\\/fr\\\/conditions-dutilisation\\\/\",\"url\":\"https:\\\/\\\/simards.ca\\\/fr\\\/conditions-dutilisation\\\/\",\"name\":\"Conditions Dutilisation - Simard &amp; Associates\",\"isPartOf\":{\"@id\":\"https:\\\/\\\/simards.ca\\\/#website\"},\"datePublished\":\"2022-06-17T07:37:01+00:00\",\"description\":\"| Simard &amp; Associates\",\"breadcrumb\":{\"@id\":\"https:\\\/\\\/simards.ca\\\/fr\\\/conditions-dutilisation\\\/#breadcrumb\"},\"inLanguage\":\"fr-FR\",\"potentialAction\":[{\"@type\":\"ReadAction\",\"target\":[\"https:\\\/\\\/simards.ca\\\/fr\\\/conditions-dutilisation\\\/\"]}]},{\"@type\":\"BreadcrumbList\",\"@id\":\"https:\\\/\\\/simards.ca\\\/fr\\\/conditions-dutilisation\\\/#breadcrumb\",\"itemListElement\":[{\"@type\":\"ListItem\",\"position\":1,\"name\":\"Home\",\"item\":\"https:\\\/\\\/simards.ca\\\/fr\\\/\"},{\"@type\":\"ListItem\",\"position\":2,\"name\":\"Conditions Dutilisation\"}]},{\"@type\":\"WebSite\",\"@id\":\"https:\\\/\\\/simards.ca\\\/#website\",\"url\":\"https:\\\/\\\/simards.ca\\\/\",\"name\":\"Simard &amp; Associates\",\"description\":\"\",\"publisher\":{\"@id\":\"https:\\\/\\\/simards.ca\\\/#organization\"},\"potentialAction\":[{\"@type\":\"SearchAction\",\"target\":{\"@type\":\"EntryPoint\",\"urlTemplate\":\"https:\\\/\\\/simards.ca\\\/?s={search_term_string}\"},\"query-input\":{\"@type\":\"PropertyValueSpecification\",\"valueRequired\":true,\"valueName\":\"search_term_string\"}}],\"inLanguage\":\"fr-FR\"},{\"@type\":\"Organization\",\"@id\":\"https:\\\/\\\/simards.ca\\\/#organization\",\"name\":\"Simard & Associates\",\"url\":\"https:\\\/\\\/simards.ca\\\/\",\"logo\":{\"@type\":\"ImageObject\",\"inLanguage\":\"fr-FR\",\"@id\":\"https:\\\/\\\/simards.ca\\\/#\\\/schema\\\/logo\\\/image\\\/\",\"url\":\"https:\\\/\\\/simards.ca\\\/wp-content\\\/uploads\\\/2022\\\/06\\\/logo.png\",\"contentUrl\":\"https:\\\/\\\/simards.ca\\\/wp-content\\\/uploads\\\/2022\\\/06\\\/logo.png\",\"width\":311,\"height\":95,\"caption\":\"Simard & Associates\"},\"image\":{\"@id\":\"https:\\\/\\\/simards.ca\\\/#\\\/schema\\\/logo\\\/image\\\/\"}}]}<\/script>\n<!-- \/ Yoast SEO plugin. -->","yoast_head_json":{"title":"Conditions Dutilisation - Simard &amp; Associates","description":"| Simard &amp; Associates","robots":{"index":"index","follow":"follow","max-snippet":"max-snippet:-1","max-image-preview":"max-image-preview:large","max-video-preview":"max-video-preview:-1"},"canonical":"https:\/\/simards.ca\/fr\/conditions-dutilisation\/","og_locale":"fr_FR","og_type":"article","og_title":"Conditions Dutilisation - Simard &amp; Associates","og_description":"| Simard &amp; Associates","og_url":"https:\/\/simards.ca\/fr\/conditions-dutilisation\/","og_site_name":"Simard &amp; Associates","twitter_card":"summary_large_image","twitter_misc":{"Dur\u00e9e de lecture estim\u00e9e":"7 minutes"},"schema":{"@context":"https:\/\/schema.org","@graph":[{"@type":"WebPage","@id":"https:\/\/simards.ca\/fr\/conditions-dutilisation\/","url":"https:\/\/simards.ca\/fr\/conditions-dutilisation\/","name":"Conditions Dutilisation - Simard &amp; Associates","isPartOf":{"@id":"https:\/\/simards.ca\/#website"},"datePublished":"2022-06-17T07:37:01+00:00","description":"| Simard &amp; Associates","breadcrumb":{"@id":"https:\/\/simards.ca\/fr\/conditions-dutilisation\/#breadcrumb"},"inLanguage":"fr-FR","potentialAction":[{"@type":"ReadAction","target":["https:\/\/simards.ca\/fr\/conditions-dutilisation\/"]}]},{"@type":"BreadcrumbList","@id":"https:\/\/simards.ca\/fr\/conditions-dutilisation\/#breadcrumb","itemListElement":[{"@type":"ListItem","position":1,"name":"Home","item":"https:\/\/simards.ca\/fr\/"},{"@type":"ListItem","position":2,"name":"Conditions Dutilisation"}]},{"@type":"WebSite","@id":"https:\/\/simards.ca\/#website","url":"https:\/\/simards.ca\/","name":"Simard &amp; Associates","description":"","publisher":{"@id":"https:\/\/simards.ca\/#organization"},"potentialAction":[{"@type":"SearchAction","target":{"@type":"EntryPoint","urlTemplate":"https:\/\/simards.ca\/?s={search_term_string}"},"query-input":{"@type":"PropertyValueSpecification","valueRequired":true,"valueName":"search_term_string"}}],"inLanguage":"fr-FR"},{"@type":"Organization","@id":"https:\/\/simards.ca\/#organization","name":"Simard & Associates","url":"https:\/\/simards.ca\/","logo":{"@type":"ImageObject","inLanguage":"fr-FR","@id":"https:\/\/simards.ca\/#\/schema\/logo\/image\/","url":"https:\/\/simards.ca\/wp-content\/uploads\/2022\/06\/logo.png","contentUrl":"https:\/\/simards.ca\/wp-content\/uploads\/2022\/06\/logo.png","width":311,"height":95,"caption":"Simard & Associates"},"image":{"@id":"https:\/\/simards.ca\/#\/schema\/logo\/image\/"}}]}},"_links":{"self":[{"href":"https:\/\/simards.ca\/fr\/wp-json\/wp\/v2\/pages\/6174","targetHints":{"allow":["GET"]}}],"collection":[{"href":"https:\/\/simards.ca\/fr\/wp-json\/wp\/v2\/pages"}],"about":[{"href":"https:\/\/simards.ca\/fr\/wp-json\/wp\/v2\/types\/page"}],"author":[{"embeddable":true,"href":"https:\/\/simards.ca\/fr\/wp-json\/wp\/v2\/users\/1"}],"replies":[{"embeddable":true,"href":"https:\/\/simards.ca\/fr\/wp-json\/wp\/v2\/comments?post=6174"}],"version-history":[{"count":0,"href":"https:\/\/simards.ca\/fr\/wp-json\/wp\/v2\/pages\/6174\/revisions"}],"wp:attachment":[{"href":"https:\/\/simards.ca\/fr\/wp-json\/wp\/v2\/media?parent=6174"}],"curies":[{"name":"wp","href":"https:\/\/api.w.org\/{rel}","templated":true}]}}