{"id":6168,"date":"2022-06-16T14:04:58","date_gmt":"2022-06-16T14:04:58","guid":{"rendered":"https:\/\/simards.wpengine.com\/?page_id=6168"},"modified":"2025-04-29T07:25:03","modified_gmt":"2025-04-29T07:25:03","slug":"petites-creances","status":"publish","type":"page","link":"https:\/\/simards.ca\/fr\/petites-creances\/","title":{"rendered":"Petites Creances"},"content":{"rendered":"<p><div class=\"fusion-fullwidth fullwidth-box fusion-builder-row-1 fusion-flex-container nonhundred-percent-fullwidth non-hundred-percent-height-scrolling\" style=\"--awb-border-radius-top-left:0px;--awb-border-radius-top-right:0px;--awb-border-radius-bottom-right:0px;--awb-border-radius-bottom-left:0px;--awb-flex-wrap:wrap;\" ><div class=\"fusion-builder-row fusion-row fusion-flex-align-items-stretch fusion-flex-content-wrap\" style=\"max-width:1248px;margin-left: calc(-4% \/ 2 );margin-right: calc(-4% \/ 2 );\"><div class=\"fusion-layout-column fusion_builder_column fusion-builder-column-0 fusion_builder_column_1_1 1_1 fusion-flex-column\" style=\"--awb-bg-size:cover;--awb-width-large:100%;--awb-margin-top-large:0px;--awb-spacing-right-large:1.92%;--awb-margin-bottom-large:20px;--awb-spacing-left-large:1.92%;--awb-width-medium:100%;--awb-order-medium:0;--awb-spacing-right-medium:1.92%;--awb-spacing-left-medium:1.92%;--awb-width-small:100%;--awb-order-small:0;--awb-spacing-right-small:1.92%;--awb-spacing-left-small:1.92%;\"><div class=\"fusion-column-wrapper fusion-column-has-shadow fusion-flex-justify-content-flex-start fusion-content-layout-column\"><div class=\"fusion-title title fusion-title-1 fusion-sep-none fusion-title-center fusion-title-text fusion-title-size-one\" style=\"--awb-margin-top-small:10px;--awb-margin-right-small:0px;--awb-margin-bottom-small:10px;--awb-margin-left-small:0px;\"><h1 class=\"fusion-title-heading title-heading-center\" style=\"margin:0;\">COUR DES PETITES CR\u00c9ANCES<\/h1><\/div><\/div><\/div><div class=\"fusion-layout-column fusion_builder_column fusion-builder-column-1 fusion_builder_column_3_5 3_5 fusion-flex-column fusion-flex-align-self-stretch\" style=\"--awb-bg-size:cover;--awb-width-large:60%;--awb-margin-top-large:0px;--awb-spacing-right-large:3.2%;--awb-margin-bottom-large:20px;--awb-spacing-left-large:3.2%;--awb-width-medium:60%;--awb-order-medium:0;--awb-spacing-right-medium:3.2%;--awb-spacing-left-medium:3.2%;--awb-width-small:100%;--awb-order-small:0;--awb-spacing-right-small:1.92%;--awb-spacing-left-small:1.92%;\"><div class=\"fusion-column-wrapper fusion-column-has-shadow fusion-flex-justify-content-flex-start fusion-content-layout-column\"><div class=\"fusion-text fusion-text-1\"><p>Chez Simard &amp; Associ\u00e9s, nous croyons que tous les dossiers m\u00e9ritent la meilleure repr\u00e9sentation juridique. Avec un seuil de r\u00e9clamation fix\u00e9 \u00e0 35 000 $, notre \u00e9quipe est \u00e0 la disposition de tous ses clients dans le but de soit poursuivre ou d\u00e9fendre toute r\u00e9clamation possible en Cour des petites cr\u00e9ances.<\/p>\n<p>Nous comprenons que ces r\u00e9clamations peuvent \u00eatre tr\u00e8s intimidantes. Pour cette raison, nous offrons une multitude de solutions abordables pour vous aider dans votre dossier de petites cr\u00e9ances ; que ce soit de vous repr\u00e9senter, de vous donner un avis juridique, de vous aider dans votre pr\u00e9paration \u00e0 comparaitre ou encore, de vous donner des explications vis-\u00e0-vis les proc\u00e9dures de la Cour. L\u2019\u00e9quipe saura bien vous conseiller pour vous donner le meilleur encadrement possible.<\/p>\n<p><a href=\"https:\/\/ontariocourtforms.on.ca\/fr\/rules-of-the-small-claims-court-forms\/\" target=\"_blank\" rel=\"noopener\">Formules de la Cour des petites cr\u00e9ances<\/a><\/p>\n<\/div><\/div><\/div><div class=\"fusion-layout-column fusion_builder_column fusion-builder-column-2 fusion_builder_column_2_5 2_5 fusion-flex-column\" style=\"--awb-bg-size:cover;--awb-width-large:40%;--awb-margin-top-large:0px;--awb-spacing-right-large:4.8%;--awb-margin-bottom-large:20px;--awb-spacing-left-large:4.8%;--awb-width-medium:40%;--awb-order-medium:0;--awb-spacing-right-medium:4.8%;--awb-spacing-left-medium:4.8%;--awb-width-small:100%;--awb-order-small:0;--awb-spacing-right-small:1.92%;--awb-spacing-left-small:1.92%;\"><div class=\"fusion-column-wrapper fusion-column-has-shadow fusion-flex-justify-content-flex-start fusion-content-layout-column\"><div class=\"fusion-image-element \" style=\"--awb-caption-title-font-family:var(--h2_typography-font-family);--awb-caption-title-font-weight:var(--h2_typography-font-weight);--awb-caption-title-font-style:var(--h2_typography-font-style);--awb-caption-title-size:var(--h2_typography-font-size);--awb-caption-title-transform:var(--h2_typography-text-transform);--awb-caption-title-line-height:var(--h2_typography-line-height);--awb-caption-title-letter-spacing:var(--h2_typography-letter-spacing);\"><span class=\" fusion-imageframe imageframe-none imageframe-1 hover-type-none\"><img decoding=\"async\" width=\"800\" height=\"533\" alt=\"smallcourt\" title=\"smallcourt\" src=\"https:\/\/simards.ca\/wp-content\/uploads\/2022\/08\/smallcourt.jpg\" class=\"img-responsive wp-image-6523\" srcset=\"https:\/\/simards.ca\/wp-content\/uploads\/2022\/08\/smallcourt-200x133.jpg 200w, https:\/\/simards.ca\/wp-content\/uploads\/2022\/08\/smallcourt-400x267.jpg 400w, https:\/\/simards.ca\/wp-content\/uploads\/2022\/08\/smallcourt-600x400.jpg 600w, https:\/\/simards.ca\/wp-content\/uploads\/2022\/08\/smallcourt.jpg 800w\" sizes=\"(max-width: 640px) 100vw, 600px\" \/><\/span><\/div><\/div><\/div><\/div><\/div><div class=\"fusion-fullwidth fullwidth-box fusion-builder-row-2 fusion-flex-container fusion-parallax-none nonhundred-percent-fullwidth non-hundred-percent-height-scrolling\" style=\"--awb-border-radius-top-left:0px;--awb-border-radius-top-right:0px;--awb-border-radius-bottom-right:0px;--awb-border-radius-bottom-left:0px;--awb-padding-top:60px;--awb-padding-bottom:60px;--awb-padding-right-medium:30px;--awb-padding-left-medium:30px;--awb-padding-right-small:15px;--awb-padding-left-small:15px;--awb-background-image:url(&quot;https:\/\/simards.ca\/wp-content\/uploads\/2022\/08\/cta-bg.jpg&quot;);--awb-background-size:cover;--awb-flex-wrap:wrap;\" ><div class=\"fusion-builder-row fusion-row fusion-flex-align-items-flex-start fusion-flex-content-wrap\" style=\"max-width:1248px;margin-left: calc(-4% \/ 2 );margin-right: calc(-4% \/ 2 );\"><div class=\"fusion-layout-column fusion_builder_column fusion-builder-column-3 fusion_builder_column_1_1 1_1 fusion-flex-column\" style=\"--awb-bg-size:cover;--awb-width-large:100%;--awb-margin-top-large:0px;--awb-spacing-right-large:1.92%;--awb-margin-bottom-large:20px;--awb-spacing-left-large:1.92%;--awb-width-medium:100%;--awb-order-medium:0;--awb-spacing-right-medium:1.92%;--awb-spacing-left-medium:1.92%;--awb-width-small:100%;--awb-order-small:0;--awb-spacing-right-small:1.92%;--awb-spacing-left-small:1.92%;\"><div class=\"fusion-column-wrapper fusion-column-has-shadow fusion-flex-justify-content-flex-start fusion-content-layout-column\"><div class=\"fusion-title title fusion-title-2 fusion-sep-none fusion-title-center fusion-title-text fusion-title-size-three\" style=\"--awb-text-color:#ffffff;--awb-margin-top-small:10px;--awb-margin-right-small:0px;--awb-margin-bottom-small:10px;--awb-margin-left-small:0px;\"><h3 class=\"fusion-title-heading title-heading-center\" style=\"margin:0;\"><p style=\"text-align: center;\">PLANIFICATION POUR LA COUR DES PETITES CR\u00c9ANCES \u00c0 ROCKLAND ET OTTAWA<\/p><\/h3><\/div><div style=\"text-align:center;\"><a class=\"fusion-button button-flat fusion-button-default-size button-custom fusion-button-default button-1 fusion-button-default-span \" style=\"--button_accent_color:#111111;--button_border_color:#ffffff;--button_accent_hover_color:#ffffff;--button_border_hover_color:#345382;--button_gradient_top_color:#ffffff;--button_gradient_bottom_color:#ffffff;--button_gradient_top_color_hover:#345382;--button_gradient_bottom_color_hover:#345382;--button_text_transform:uppercase;\" target=\"_self\" href=\"https:\/\/simards.ca\/fr\/nous-joindre\/\"><span class=\"fusion-button-text awb-button__text awb-button__text--default\">Communiquez avec nous<\/span><i class=\"fa-arrow-right fas awb-button__icon awb-button__icon--default button-icon-right\" aria-hidden=\"true\"><\/i><\/a><\/div><\/div><\/div><\/div><\/div><div class=\"fusion-fullwidth fullwidth-box fusion-builder-row-3 fusion-flex-container nonhundred-percent-fullwidth non-hundred-percent-height-scrolling\" style=\"--awb-border-radius-top-left:0px;--awb-border-radius-top-right:0px;--awb-border-radius-bottom-right:0px;--awb-border-radius-bottom-left:0px;--awb-padding-top:50px;--awb-padding-bottom:50px;--awb-padding-right-medium:30px;--awb-padding-left-medium:30px;--awb-padding-right-small:15px;--awb-padding-left-small:15px;--awb-flex-wrap:wrap;\" ><div class=\"fusion-builder-row fusion-row fusion-flex-align-items-flex-start fusion-flex-justify-content-center fusion-flex-content-wrap\" style=\"max-width:1248px;margin-left: calc(-4% \/ 2 );margin-right: calc(-4% \/ 2 );\"><div class=\"fusion-layout-column fusion_builder_column fusion-builder-column-4 fusion_builder_column_1_1 1_1 fusion-flex-column\" style=\"--awb-bg-size:cover;--awb-width-large:100%;--awb-margin-top-large:0px;--awb-spacing-right-large:1.92%;--awb-margin-bottom-large:20px;--awb-spacing-left-large:1.92%;--awb-width-medium:100%;--awb-order-medium:0;--awb-spacing-right-medium:1.92%;--awb-spacing-left-medium:1.92%;--awb-width-small:100%;--awb-order-small:0;--awb-spacing-right-small:1.92%;--awb-spacing-left-small:1.92%;\"><div class=\"fusion-column-wrapper fusion-column-has-shadow fusion-flex-justify-content-flex-start fusion-content-layout-column\"><div class=\"fusion-title title fusion-title-3 fusion-sep-none fusion-title-center fusion-title-text fusion-title-size-two\" style=\"--awb-margin-top-small:10px;--awb-margin-right-small:0px;--awb-margin-bottom-small:10px;--awb-margin-left-small:0px;\"><h2 class=\"fusion-title-heading title-heading-center\" style=\"margin:0;\">NOS PROFESSIONNELS<\/h2><\/div><\/div><\/div><div class=\"fusion-layout-column fusion_builder_column fusion-builder-column-5 fusion_builder_column_1_4 1_4 fusion-flex-column fusion-flex-align-self-stretch lawyer_maindiv\" style=\"--awb-bg-size:cover;--awb-width-large:25%;--awb-margin-top-large:0px;--awb-spacing-right-large:7.68%;--awb-margin-bottom-large:20px;--awb-spacing-left-large:7.68%;--awb-width-medium:25%;--awb-order-medium:0;--awb-spacing-right-medium:7.68%;--awb-spacing-left-medium:7.68%;--awb-width-small:100%;--awb-order-small:0;--awb-spacing-right-small:1.92%;--awb-spacing-left-small:1.92%;\"><div class=\"fusion-column-wrapper fusion-column-has-shadow fusion-flex-justify-content-flex-start fusion-content-layout-column\"><div class=\"lawyer\">\n\t<div class=\"lawyer_img\">\n\t\t<img decoding=\"async\" src=\"https:\/\/simards.ca\/wp-content\/uploads\/2023\/05\/C.-Marleau-scaled.jpg\" alt=\"carolynne\">\n          <div class=\"lawyer_hover\">\n              <div class=\"hover_inner\">\n                  <h5>Voir la biographie<\/h5>\n                  <a href=\"\/fr\/notre-equipe\/carolynne-d-marleau\/\" class=\"fusion-button button-flat fusion-button-default-size button-default button-2 fusion-button-default-span \" target=\"_self\" href=\"#\"><i class=\"fa-arrow-right fas button-icon-right\" aria-hidden=\"true\"><\/i><\/a>\n              <\/div>\n          <\/div>\n\t<\/div>\n\t<div class=\"lawyer_info\">\n\t\t<h5 class=\"name\">CAROLYNNE D. MARLEAU<\/h5>\n\t\t<p class=\"position\">Avocate<\/p>\n\t<\/div>\n<\/div><\/div><\/div><\/div><\/div><div class=\"fusion-fullwidth fullwidth-box fusion-builder-row-4 fusion-flex-container nonhundred-percent-fullwidth non-hundred-percent-height-scrolling\" style=\"--awb-border-radius-top-left:0px;--awb-border-radius-top-right:0px;--awb-border-radius-bottom-right:0px;--awb-border-radius-bottom-left:0px;--awb-padding-top:60px;--awb-padding-bottom:60px;--awb-padding-right-medium:30px;--awb-padding-left-medium:30px;--awb-padding-right-small:15px;--awb-padding-left-small:15px;--awb-background-color:#345382;--awb-flex-wrap:wrap;\" ><div class=\"fusion-builder-row fusion-row fusion-flex-align-items-flex-start fusion-flex-content-wrap\" style=\"max-width:1248px;margin-left: calc(-4% \/ 2 );margin-right: calc(-4% \/ 2 );\"><div class=\"fusion-layout-column fusion_builder_column fusion-builder-column-6 fusion_builder_column_1_1 1_1 fusion-flex-column\" style=\"--awb-bg-size:cover;--awb-width-large:100%;--awb-margin-top-large:0px;--awb-spacing-right-large:1.92%;--awb-margin-bottom-large:20px;--awb-spacing-left-large:1.92%;--awb-width-medium:100%;--awb-order-medium:0;--awb-spacing-right-medium:1.92%;--awb-spacing-left-medium:1.92%;--awb-width-small:100%;--awb-order-small:0;--awb-spacing-right-small:1.92%;--awb-spacing-left-small:1.92%;\"><div class=\"fusion-column-wrapper fusion-column-has-shadow fusion-flex-justify-content-flex-start fusion-content-layout-column\"><div class=\"fusion-title title fusion-title-4 fusion-sep-none fusion-title-center fusion-title-text fusion-title-size-three\" style=\"--awb-text-color:#ffffff;--awb-margin-top-small:10px;--awb-margin-right-small:0px;--awb-margin-bottom-small:10px;--awb-margin-left-small:0px;\"><h3 class=\"fusion-title-heading title-heading-center\" style=\"margin:0;\"><p style=\"text-align: center;\">ENVOYEZ VOS DOCUMENTS EN TOUTE S\u00c9CURIT\u00c9 GR\u00c2CE \u00c0 NOTRE<\/p><\/h3><\/div><div style=\"text-align:center;\"><a class=\"fusion-button button-flat fusion-button-default-size button-custom fusion-button-default button-2 fusion-button-default-span \" style=\"--button_accent_color:#111111;--button_border_color:#ffffff;--button_accent_hover_color:#ffffff;--button_border_hover_color:#ffffff;--button_gradient_top_color:#ffffff;--button_gradient_bottom_color:#ffffff;--button_gradient_top_color_hover:#345382;--button_gradient_bottom_color_hover:#345382;--button_text_transform:uppercase;\" target=\"_self\" href=\"\/fr\/client-portal\/\"><span class=\"fusion-button-text awb-button__text awb-button__text--default\">PORTAIL CLIENT <\/span><i class=\"fa-arrow-right fas awb-button__icon awb-button__icon--default button-icon-right\" aria-hidden=\"true\"><\/i><\/a><\/div><\/div><\/div><\/div><\/div><\/p>\n","protected":false},"excerpt":{"rendered":"","protected":false},"author":1,"featured_media":0,"parent":0,"menu_order":0,"comment_status":"closed","ping_status":"closed","template":"100-width.php","meta":{"footnotes":""},"class_list":["post-6168","page","type-page","status-publish","hentry"],"yoast_head":"<!-- This site is optimized with the Yoast SEO plugin v27.4 - https:\/\/yoast.com\/product\/yoast-seo-wordpress\/ -->\n<title>Petites Creances - Simard &amp; Associates<\/title>\n<meta name=\"description\" content=\"Besoin d&#039;un avocat pour les petites cr\u00e9ances \u00e0 Rockland\/Ottawa? Simard &amp; Associ\u00e9s vous assiste.\" \/>\n<meta name=\"robots\" content=\"index, follow, max-snippet:-1, max-image-preview:large, max-video-preview:-1\" \/>\n<link rel=\"canonical\" href=\"https:\/\/simards.ca\/fr\/petites-creances\/\" \/>\n<meta property=\"og:locale\" content=\"fr_FR\" \/>\n<meta property=\"og:type\" content=\"article\" \/>\n<meta property=\"og:title\" content=\"Petites Creances - Simard &amp; Associates\" \/>\n<meta property=\"og:description\" content=\"Besoin d&#039;un avocat pour les petites cr\u00e9ances \u00e0 Rockland\/Ottawa? Simard &amp; Associ\u00e9s vous assiste.\" \/>\n<meta property=\"og:url\" content=\"https:\/\/simards.ca\/fr\/petites-creances\/\" \/>\n<meta property=\"og:site_name\" content=\"Simard &amp; Associates\" \/>\n<meta property=\"article:modified_time\" content=\"2025-04-29T07:25:03+00:00\" \/>\n<meta name=\"twitter:card\" content=\"summary_large_image\" \/>\n<meta name=\"twitter:label1\" content=\"Dur\u00e9e de lecture estim\u00e9e\" \/>\n\t<meta name=\"twitter:data1\" content=\"2 minutes\" \/>\n<script type=\"application\/ld+json\" class=\"yoast-schema-graph\">{\"@context\":\"https:\\\/\\\/schema.org\",\"@graph\":[{\"@type\":\"WebPage\",\"@id\":\"https:\\\/\\\/simards.ca\\\/fr\\\/petites-creances\\\/\",\"url\":\"https:\\\/\\\/simards.ca\\\/fr\\\/petites-creances\\\/\",\"name\":\"Petites Creances - Simard &amp; Associates\",\"isPartOf\":{\"@id\":\"https:\\\/\\\/simards.ca\\\/#website\"},\"datePublished\":\"2022-06-16T14:04:58+00:00\",\"dateModified\":\"2025-04-29T07:25:03+00:00\",\"description\":\"Besoin d'un avocat pour les petites cr\u00e9ances \u00e0 Rockland\\\/Ottawa? Simard & Associ\u00e9s vous assiste.\",\"breadcrumb\":{\"@id\":\"https:\\\/\\\/simards.ca\\\/fr\\\/petites-creances\\\/#breadcrumb\"},\"inLanguage\":\"fr-FR\",\"potentialAction\":[{\"@type\":\"ReadAction\",\"target\":[\"https:\\\/\\\/simards.ca\\\/fr\\\/petites-creances\\\/\"]}]},{\"@type\":\"BreadcrumbList\",\"@id\":\"https:\\\/\\\/simards.ca\\\/fr\\\/petites-creances\\\/#breadcrumb\",\"itemListElement\":[{\"@type\":\"ListItem\",\"position\":1,\"name\":\"Home\",\"item\":\"https:\\\/\\\/simards.ca\\\/fr\\\/\"},{\"@type\":\"ListItem\",\"position\":2,\"name\":\"Petites Creances\"}]},{\"@type\":\"WebSite\",\"@id\":\"https:\\\/\\\/simards.ca\\\/#website\",\"url\":\"https:\\\/\\\/simards.ca\\\/\",\"name\":\"Simard &amp; Associates\",\"description\":\"\",\"publisher\":{\"@id\":\"https:\\\/\\\/simards.ca\\\/#organization\"},\"potentialAction\":[{\"@type\":\"SearchAction\",\"target\":{\"@type\":\"EntryPoint\",\"urlTemplate\":\"https:\\\/\\\/simards.ca\\\/?s={search_term_string}\"},\"query-input\":{\"@type\":\"PropertyValueSpecification\",\"valueRequired\":true,\"valueName\":\"search_term_string\"}}],\"inLanguage\":\"fr-FR\"},{\"@type\":\"Organization\",\"@id\":\"https:\\\/\\\/simards.ca\\\/#organization\",\"name\":\"Simard & Associates\",\"url\":\"https:\\\/\\\/simards.ca\\\/\",\"logo\":{\"@type\":\"ImageObject\",\"inLanguage\":\"fr-FR\",\"@id\":\"https:\\\/\\\/simards.ca\\\/#\\\/schema\\\/logo\\\/image\\\/\",\"url\":\"https:\\\/\\\/simards.ca\\\/wp-content\\\/uploads\\\/2022\\\/06\\\/logo.png\",\"contentUrl\":\"https:\\\/\\\/simards.ca\\\/wp-content\\\/uploads\\\/2022\\\/06\\\/logo.png\",\"width\":311,\"height\":95,\"caption\":\"Simard & Associates\"},\"image\":{\"@id\":\"https:\\\/\\\/simards.ca\\\/#\\\/schema\\\/logo\\\/image\\\/\"}}]}<\/script>\n<!-- \/ Yoast SEO plugin. -->","yoast_head_json":{"title":"Petites Creances - Simard &amp; Associates","description":"Besoin d'un avocat pour les petites cr\u00e9ances \u00e0 Rockland\/Ottawa? Simard & Associ\u00e9s vous assiste.","robots":{"index":"index","follow":"follow","max-snippet":"max-snippet:-1","max-image-preview":"max-image-preview:large","max-video-preview":"max-video-preview:-1"},"canonical":"https:\/\/simards.ca\/fr\/petites-creances\/","og_locale":"fr_FR","og_type":"article","og_title":"Petites Creances - Simard &amp; Associates","og_description":"Besoin d'un avocat pour les petites cr\u00e9ances \u00e0 Rockland\/Ottawa? Simard & Associ\u00e9s vous assiste.","og_url":"https:\/\/simards.ca\/fr\/petites-creances\/","og_site_name":"Simard &amp; Associates","article_modified_time":"2025-04-29T07:25:03+00:00","twitter_card":"summary_large_image","twitter_misc":{"Dur\u00e9e de lecture estim\u00e9e":"2 minutes"},"schema":{"@context":"https:\/\/schema.org","@graph":[{"@type":"WebPage","@id":"https:\/\/simards.ca\/fr\/petites-creances\/","url":"https:\/\/simards.ca\/fr\/petites-creances\/","name":"Petites Creances - Simard &amp; Associates","isPartOf":{"@id":"https:\/\/simards.ca\/#website"},"datePublished":"2022-06-16T14:04:58+00:00","dateModified":"2025-04-29T07:25:03+00:00","description":"Besoin d'un avocat pour les petites cr\u00e9ances \u00e0 Rockland\/Ottawa? Simard & Associ\u00e9s vous assiste.","breadcrumb":{"@id":"https:\/\/simards.ca\/fr\/petites-creances\/#breadcrumb"},"inLanguage":"fr-FR","potentialAction":[{"@type":"ReadAction","target":["https:\/\/simards.ca\/fr\/petites-creances\/"]}]},{"@type":"BreadcrumbList","@id":"https:\/\/simards.ca\/fr\/petites-creances\/#breadcrumb","itemListElement":[{"@type":"ListItem","position":1,"name":"Home","item":"https:\/\/simards.ca\/fr\/"},{"@type":"ListItem","position":2,"name":"Petites Creances"}]},{"@type":"WebSite","@id":"https:\/\/simards.ca\/#website","url":"https:\/\/simards.ca\/","name":"Simard &amp; Associates","description":"","publisher":{"@id":"https:\/\/simards.ca\/#organization"},"potentialAction":[{"@type":"SearchAction","target":{"@type":"EntryPoint","urlTemplate":"https:\/\/simards.ca\/?s={search_term_string}"},"query-input":{"@type":"PropertyValueSpecification","valueRequired":true,"valueName":"search_term_string"}}],"inLanguage":"fr-FR"},{"@type":"Organization","@id":"https:\/\/simards.ca\/#organization","name":"Simard & Associates","url":"https:\/\/simards.ca\/","logo":{"@type":"ImageObject","inLanguage":"fr-FR","@id":"https:\/\/simards.ca\/#\/schema\/logo\/image\/","url":"https:\/\/simards.ca\/wp-content\/uploads\/2022\/06\/logo.png","contentUrl":"https:\/\/simards.ca\/wp-content\/uploads\/2022\/06\/logo.png","width":311,"height":95,"caption":"Simard & Associates"},"image":{"@id":"https:\/\/simards.ca\/#\/schema\/logo\/image\/"}}]}},"_links":{"self":[{"href":"https:\/\/simards.ca\/fr\/wp-json\/wp\/v2\/pages\/6168","targetHints":{"allow":["GET"]}}],"collection":[{"href":"https:\/\/simards.ca\/fr\/wp-json\/wp\/v2\/pages"}],"about":[{"href":"https:\/\/simards.ca\/fr\/wp-json\/wp\/v2\/types\/page"}],"author":[{"embeddable":true,"href":"https:\/\/simards.ca\/fr\/wp-json\/wp\/v2\/users\/1"}],"replies":[{"embeddable":true,"href":"https:\/\/simards.ca\/fr\/wp-json\/wp\/v2\/comments?post=6168"}],"version-history":[{"count":6,"href":"https:\/\/simards.ca\/fr\/wp-json\/wp\/v2\/pages\/6168\/revisions"}],"predecessor-version":[{"id":7636,"href":"https:\/\/simards.ca\/fr\/wp-json\/wp\/v2\/pages\/6168\/revisions\/7636"}],"wp:attachment":[{"href":"https:\/\/simards.ca\/fr\/wp-json\/wp\/v2\/media?parent=6168"}],"curies":[{"name":"wp","href":"https:\/\/api.w.org\/{rel}","templated":true}]}}