{"id":138,"date":"2022-06-13T14:51:51","date_gmt":"2022-06-13T14:51:51","guid":{"rendered":"https:\/\/simards.wpengine.com\/?page_id=138"},"modified":"2023-01-13T08:02:22","modified_gmt":"2023-01-13T08:02:22","slug":"blog","status":"publish","type":"page","link":"https:\/\/simards.ca\/fr\/blog\/","title":{"rendered":"Blog"},"content":{"rendered":"<div class=\"fusion-fullwidth fullwidth-box fusion-builder-row-1 fusion-flex-container nonhundred-percent-fullwidth non-hundred-percent-height-scrolling\" style=\"--awb-border-radius-top-left:0px;--awb-border-radius-top-right:0px;--awb-border-radius-bottom-right:0px;--awb-border-radius-bottom-left:0px;--awb-flex-wrap:wrap;\" ><div class=\"fusion-builder-row fusion-row fusion-flex-align-items-flex-start fusion-flex-content-wrap\" style=\"max-width:1248px;margin-left: calc(-4% \/ 2 );margin-right: calc(-4% \/ 2 );\"><div class=\"fusion-layout-column fusion_builder_column fusion-builder-column-0 fusion_builder_column_3_4 3_4 fusion-flex-column\" style=\"--awb-bg-size:cover;--awb-width-large:75%;--awb-margin-top-large:0px;--awb-spacing-right-large:2.56%;--awb-margin-bottom-large:20px;--awb-spacing-left-large:2.56%;--awb-width-medium:75%;--awb-order-medium:0;--awb-spacing-right-medium:2.56%;--awb-spacing-left-medium:2.56%;--awb-width-small:100%;--awb-order-small:0;--awb-spacing-right-small:1.92%;--awb-spacing-left-small:1.92%;\"><div class=\"fusion-column-wrapper fusion-column-has-shadow fusion-flex-justify-content-flex-start fusion-content-layout-column\"><div class=\"fusion-blog-shortcode fusion-blog-shortcode-1 fusion-blog-archive fusion-blog-layout-grid-wrapper fusion-blog-pagination\"><style type=\"text\/css\">.fusion-blog-shortcode-1 .fusion-blog-layout-grid .fusion-post-grid{padding:7.5px;}.fusion-blog-shortcode-1 .fusion-posts-container{margin-left: -7.5px !important; margin-right:-7.5px !important;}<\/style><div class=\"fusion-posts-container fusion-posts-container-pagination fusion-blog-rollover fusion-blog-layout-grid fusion-blog-layout-grid-2 isotope fusion-blog-equal-heights\" data-pages=\"1\" data-grid-col-space=\"15\" style=\"margin: -7.5px -7.5px 0;min-height:500px;\"><article id=\"blog-1-post-6040\" class=\"fusion-post-grid post-6040 post type-post status-publish format-standard hentry category-droit-de-la-famille\">\n<div class=\"fusion-post-wrapper\" style=\"background-color:rgba(255,255,255,0);border:1px solid var(--awb-color2);border-bottom-width:3px;\">\n\n<div class=\"fusion-post-content-wrapper\" style=\"padding:30px 25px 25px 25px;\"><div class=\"fusion-post-content post-content\"><p class=\"fusion-single-line-meta\">By <span><a href=\"https:\/\/simards.ca\/fr\/author\/simards\/\" title=\"Articles par Simard and Associates\" rel=\"author\">Simard and Associates<\/a><\/span><span class=\"fusion-inline-sep\">|<\/span><span>14 juin 2022<\/span><span class=\"fusion-inline-sep\">|<\/span>Categories: <a href=\"https:\/\/simards.ca\/fr\/category\/droit-de-la-famille\/\" rel=\"category tag\">Droit De La Famille<\/a><span class=\"fusion-inline-sep\">|<\/span><\/p><div class=\"fusion-post-content-container\"><p>Nous avons le plaisir d\u2019accueillir Me Carolynne D. Marleau au [...]<\/p><\/div><\/div><div class=\"fusion-meta-info\"><div class=\"fusion-alignleft\"><a class=\"fusion-read-more\" href=\"https:\/\/simards.ca\/fr\/bienvenue-carolynne-d-marleau\/\" aria-label=\"More on Bienvenue, Carolynne D. Marleau!\">Read More<\/a><\/div><\/div><\/div><div class=\"fusion-clearfix\"><\/div><\/div>\n<\/article>\n<article id=\"blog-1-post-6039\" class=\"fusion-post-grid post-6039 post type-post status-publish format-standard hentry category-droit-immobilier\">\n<div class=\"fusion-post-wrapper\" style=\"background-color:rgba(255,255,255,0);border:1px solid var(--awb-color2);border-bottom-width:3px;\">\n\n<div class=\"fusion-post-content-wrapper\" style=\"padding:30px 25px 25px 25px;\"><div class=\"fusion-post-content post-content\"><p class=\"fusion-single-line-meta\">By <span><a href=\"https:\/\/simards.ca\/fr\/author\/simards\/\" title=\"Articles par Simard and Associates\" rel=\"author\">Simard and Associates<\/a><\/span><span class=\"fusion-inline-sep\">|<\/span><span>14 juin 2022<\/span><span class=\"fusion-inline-sep\">|<\/span>Categories: <a href=\"https:\/\/simards.ca\/fr\/category\/droit-immobilier\/\" rel=\"category tag\">Droit Immobilier<\/a><span class=\"fusion-inline-sep\">|<\/span><\/p><div class=\"fusion-post-content-container\"><p>Nous avons le plaisir d\u2019accueillir Me \u00c9lyssa A. Potvin au [...]<\/p><\/div><\/div><div class=\"fusion-meta-info\"><div class=\"fusion-alignleft\"><a class=\"fusion-read-more\" href=\"https:\/\/simards.ca\/fr\/bienvenue-elyssa-a-potvin\/\" aria-label=\"More on Bienvenue, \u00c9lyssa A. Potvin!\">Read More<\/a><\/div><\/div><\/div><div class=\"fusion-clearfix\"><\/div><\/div>\n<\/article>\n<article id=\"blog-1-post-6038\" class=\"fusion-post-grid post-6038 post type-post status-publish format-standard hentry category-droit-immobilier\">\n<div class=\"fusion-post-wrapper\" style=\"background-color:rgba(255,255,255,0);border:1px solid var(--awb-color2);border-bottom-width:3px;\">\n\n<div class=\"fusion-post-content-wrapper\" style=\"padding:30px 25px 25px 25px;\"><div class=\"fusion-post-content post-content\"><p class=\"fusion-single-line-meta\">By <span><a href=\"https:\/\/simards.ca\/fr\/author\/simards\/\" title=\"Articles par Simard and Associates\" rel=\"author\">Simard and Associates<\/a><\/span><span class=\"fusion-inline-sep\">|<\/span><span>14 juin 2022<\/span><span class=\"fusion-inline-sep\">|<\/span>Categories: <a href=\"https:\/\/simards.ca\/fr\/category\/droit-immobilier\/\" rel=\"category tag\">Droit Immobilier<\/a><span class=\"fusion-inline-sep\">|<\/span><\/p><div class=\"fusion-post-content-container\"><p>La r\u00e9ponse courte : \u00c0 moins que les circonstances rel\u00e8vent [...]<\/p><\/div><\/div><div class=\"fusion-meta-info\"><div class=\"fusion-alignleft\"><a class=\"fusion-read-more\" href=\"https:\/\/simards.ca\/fr\/acheteur-et-vendeur-est-ce-quils-peuvent-avoir-le-meme-avocat\/\" aria-label=\"More on Acheteur et vendeur \u2013 est-ce qu\u2019ils peuvent avoir le m\u00eame avocat?\">Read More<\/a><\/div><\/div><\/div><div class=\"fusion-clearfix\"><\/div><\/div>\n<\/article>\n<article id=\"blog-1-post-6035\" class=\"fusion-post-grid post-6035 post type-post status-publish format-standard hentry category-droit-de-la-famille category-mediation-droit-de-la-famille\">\n<div class=\"fusion-post-wrapper\" style=\"background-color:rgba(255,255,255,0);border:1px solid var(--awb-color2);border-bottom-width:3px;\">\n\n<div class=\"fusion-post-content-wrapper\" style=\"padding:30px 25px 25px 25px;\"><div class=\"fusion-post-content post-content\"><p class=\"fusion-single-line-meta\">By <span><a href=\"https:\/\/simards.ca\/fr\/author\/simards\/\" title=\"Articles par Simard and Associates\" rel=\"author\">Simard and Associates<\/a><\/span><span class=\"fusion-inline-sep\">|<\/span><span>14 juin 2022<\/span><span class=\"fusion-inline-sep\">|<\/span>Categories: <a href=\"https:\/\/simards.ca\/fr\/category\/droit-de-la-famille\/\" rel=\"category tag\">Droit De La Famille<\/a>, <a href=\"https:\/\/simards.ca\/fr\/category\/mediation-droit-de-la-famille\/\" rel=\"category tag\">Mediation \u2013 Droit De La Famille<\/a><span class=\"fusion-inline-sep\">|<\/span><\/p><div class=\"fusion-post-content-container\"><p>La r\u00e9ponse courte : Oui et non. Si vous \u00eates [...]<\/p><\/div><\/div><div class=\"fusion-meta-info\"><div class=\"fusion-alignleft\"><a class=\"fusion-read-more\" href=\"https:\/\/simards.ca\/fr\/avez-vous-besoin-du-consentement-de-votre-conjointe-pour-vendre-votre-maison\/\" aria-label=\"More on Avez-vous besoin du consentement de votre conjoint(e) pour vendre votre maison?\">Read More<\/a><\/div><\/div><\/div><div class=\"fusion-clearfix\"><\/div><\/div>\n<\/article>\n<div class=\"fusion-clearfix\"><\/div><\/div><\/div><\/div><\/div><div class=\"fusion-layout-column fusion_builder_column fusion-builder-column-1 fusion_builder_column_1_4 1_4 fusion-flex-column\" style=\"--awb-bg-size:cover;--awb-width-large:25%;--awb-margin-top-large:0px;--awb-spacing-right-large:7.68%;--awb-margin-bottom-large:20px;--awb-spacing-left-large:7.68%;--awb-width-medium:25%;--awb-order-medium:0;--awb-spacing-right-medium:7.68%;--awb-spacing-left-medium:7.68%;--awb-width-small:100%;--awb-order-small:0;--awb-spacing-right-small:1.92%;--awb-spacing-left-small:1.92%;\"><div class=\"fusion-column-wrapper fusion-column-has-shadow fusion-flex-justify-content-flex-start fusion-content-layout-column\"><div class=\"fusion-widget-area awb-widget-area-element fusion-widget-area-1 fusion-content-widget-area\" style=\"--awb-title-size:22px;--awb-title-color:var(--awb-color8);--awb-padding:0px 0px 0px 0px;\"><section id=\"categories-2\" class=\"widget widget_categories\" style=\"border-style: solid;border-color:transparent;border-width:0px;\"><div class=\"heading\"><h4 class=\"widget-title\">Categories<\/h4><\/div>\n\t\t\t<ul>\n\t\t\t\t\t<li class=\"cat-item cat-item-49\"><a href=\"https:\/\/simards.ca\/fr\/category\/droit-de-la-famille\/\">Droit De La Famille<\/a>\n<\/li>\n\t<li class=\"cat-item cat-item-46\"><a href=\"https:\/\/simards.ca\/fr\/category\/droit-immobilier\/\">Droit Immobilier<\/a>\n<\/li>\n\t<li class=\"cat-item cat-item-50\"><a href=\"https:\/\/simards.ca\/fr\/category\/mediation-droit-de-la-famille\/\">Mediation \u2013 Droit De La Famille<\/a>\n<\/li>\n\t\t\t<\/ul>\n\n\t\t\t<\/section><section id=\"archives-2\" class=\"widget widget_archive\" style=\"border-style: solid;border-color:transparent;border-width:0px;\"><div class=\"heading\"><h4 class=\"widget-title\">Archives<\/h4><\/div>\n\t\t\t<ul>\n\t\t\t\t\t<li><a href='https:\/\/simards.ca\/fr\/2022\/06\/'>juin 2022 (4)<\/a><\/li>\n\t\t\t<\/ul>\n\n\t\t\t<\/section><section id=\"archives-3\" class=\"widget widget_archive\" style=\"border-style: solid;border-color:transparent;border-width:0px;\"><div class=\"heading\"><h4 class=\"widget-title\">More<\/h4><\/div>\t\t<label class=\"screen-reader-text\" for=\"archives-dropdown-3\">More<\/label>\n\t\t<select id=\"archives-dropdown-3\" name=\"archive-dropdown\">\n\t\t\t\n\t\t\t<option value=\"\">S\u00e9lectionner un mois<\/option>\n\t\t\t\t<option value='https:\/\/simards.ca\/fr\/2022\/06\/'> juin 2022 <\/option>\n\n\t\t<\/select>\n\n\t\t\t<script type=\"text\/javascript\">\n\/* <![CDATA[ *\/\n\n( ( dropdownId ) => {\n\tconst dropdown = document.getElementById( dropdownId );\n\tfunction onSelectChange() {\n\t\tsetTimeout( () => {\n\t\t\tif ( 'escape' === dropdown.dataset.lastkey ) {\n\t\t\t\treturn;\n\t\t\t}\n\t\t\tif ( dropdown.value ) {\n\t\t\t\tdocument.location.href = dropdown.value;\n\t\t\t}\n\t\t}, 250 );\n\t}\n\tfunction onKeyUp( event ) {\n\t\tif ( 'Escape' === event.key ) {\n\t\t\tdropdown.dataset.lastkey = 'escape';\n\t\t} else {\n\t\t\tdelete dropdown.dataset.lastkey;\n\t\t}\n\t}\n\tfunction onClick() {\n\t\tdelete dropdown.dataset.lastkey;\n\t}\n\tdropdown.addEventListener( 'keyup', onKeyUp );\n\tdropdown.addEventListener( 'click', onClick );\n\tdropdown.addEventListener( 'change', onSelectChange );\n})( \"archives-dropdown-3\" );\n\n\/\/# sourceURL=WP_Widget_Archives%3A%3Awidget\n\/* ]]> *\/\n<\/script>\n<\/section><div class=\"fusion-additional-widget-content\"><\/div><\/div><\/div><\/div><\/div><\/div>\n","protected":false},"excerpt":{"rendered":"","protected":false},"author":1,"featured_media":0,"parent":0,"menu_order":0,"comment_status":"closed","ping_status":"closed","template":"","meta":{"footnotes":""},"class_list":["post-138","page","type-page","status-publish","hentry"],"yoast_head":"<!-- This site is optimized with the Yoast SEO plugin v27.4 - https:\/\/yoast.com\/product\/yoast-seo-wordpress\/ -->\n<title>Blog - Simard &amp; Associates<\/title>\n<meta name=\"description\" content=\"| Simard &amp; Associates\" \/>\n<meta name=\"robots\" content=\"index, follow, max-snippet:-1, max-image-preview:large, max-video-preview:-1\" \/>\n<link rel=\"canonical\" href=\"https:\/\/simards.ca\/fr\/blog\/\" \/>\n<meta property=\"og:locale\" content=\"fr_FR\" \/>\n<meta property=\"og:type\" content=\"article\" \/>\n<meta property=\"og:title\" content=\"Blog - Simard &amp; Associates\" \/>\n<meta property=\"og:description\" content=\"| Simard &amp; Associates\" \/>\n<meta property=\"og:url\" content=\"https:\/\/simards.ca\/fr\/blog\/\" \/>\n<meta property=\"og:site_name\" content=\"Simard &amp; Associates\" \/>\n<meta property=\"article:modified_time\" content=\"2023-01-13T08:02:22+00:00\" \/>\n<meta name=\"twitter:card\" content=\"summary_large_image\" \/>\n<meta name=\"twitter:label1\" content=\"Dur\u00e9e de lecture estim\u00e9e\" \/>\n\t<meta name=\"twitter:data1\" content=\"2 minutes\" \/>\n<script type=\"application\/ld+json\" class=\"yoast-schema-graph\">{\"@context\":\"https:\\\/\\\/schema.org\",\"@graph\":[{\"@type\":\"WebPage\",\"@id\":\"https:\\\/\\\/simards.ca\\\/fr\\\/blog\\\/\",\"url\":\"https:\\\/\\\/simards.ca\\\/fr\\\/blog\\\/\",\"name\":\"Blog - Simard &amp; Associates\",\"isPartOf\":{\"@id\":\"https:\\\/\\\/simards.ca\\\/#website\"},\"datePublished\":\"2022-06-13T14:51:51+00:00\",\"dateModified\":\"2023-01-13T08:02:22+00:00\",\"description\":\"| Simard &amp; Associates\",\"breadcrumb\":{\"@id\":\"https:\\\/\\\/simards.ca\\\/fr\\\/blog\\\/#breadcrumb\"},\"inLanguage\":\"fr-FR\",\"potentialAction\":[{\"@type\":\"ReadAction\",\"target\":[\"https:\\\/\\\/simards.ca\\\/fr\\\/blog\\\/\"]}]},{\"@type\":\"BreadcrumbList\",\"@id\":\"https:\\\/\\\/simards.ca\\\/fr\\\/blog\\\/#breadcrumb\",\"itemListElement\":[{\"@type\":\"ListItem\",\"position\":1,\"name\":\"Home\",\"item\":\"https:\\\/\\\/simards.ca\\\/fr\\\/\"},{\"@type\":\"ListItem\",\"position\":2,\"name\":\"Blog\"}]},{\"@type\":\"WebSite\",\"@id\":\"https:\\\/\\\/simards.ca\\\/#website\",\"url\":\"https:\\\/\\\/simards.ca\\\/\",\"name\":\"Simard &amp; Associates\",\"description\":\"\",\"publisher\":{\"@id\":\"https:\\\/\\\/simards.ca\\\/#organization\"},\"potentialAction\":[{\"@type\":\"SearchAction\",\"target\":{\"@type\":\"EntryPoint\",\"urlTemplate\":\"https:\\\/\\\/simards.ca\\\/?s={search_term_string}\"},\"query-input\":{\"@type\":\"PropertyValueSpecification\",\"valueRequired\":true,\"valueName\":\"search_term_string\"}}],\"inLanguage\":\"fr-FR\"},{\"@type\":\"Organization\",\"@id\":\"https:\\\/\\\/simards.ca\\\/#organization\",\"name\":\"Simard & Associates\",\"url\":\"https:\\\/\\\/simards.ca\\\/\",\"logo\":{\"@type\":\"ImageObject\",\"inLanguage\":\"fr-FR\",\"@id\":\"https:\\\/\\\/simards.ca\\\/#\\\/schema\\\/logo\\\/image\\\/\",\"url\":\"https:\\\/\\\/simards.ca\\\/wp-content\\\/uploads\\\/2022\\\/06\\\/logo.png\",\"contentUrl\":\"https:\\\/\\\/simards.ca\\\/wp-content\\\/uploads\\\/2022\\\/06\\\/logo.png\",\"width\":311,\"height\":95,\"caption\":\"Simard & Associates\"},\"image\":{\"@id\":\"https:\\\/\\\/simards.ca\\\/#\\\/schema\\\/logo\\\/image\\\/\"}}]}<\/script>\n<!-- \/ Yoast SEO plugin. -->","yoast_head_json":{"title":"Blog - Simard &amp; Associates","description":"| Simard &amp; Associates","robots":{"index":"index","follow":"follow","max-snippet":"max-snippet:-1","max-image-preview":"max-image-preview:large","max-video-preview":"max-video-preview:-1"},"canonical":"https:\/\/simards.ca\/fr\/blog\/","og_locale":"fr_FR","og_type":"article","og_title":"Blog - Simard &amp; Associates","og_description":"| Simard &amp; Associates","og_url":"https:\/\/simards.ca\/fr\/blog\/","og_site_name":"Simard &amp; Associates","article_modified_time":"2023-01-13T08:02:22+00:00","twitter_card":"summary_large_image","twitter_misc":{"Dur\u00e9e de lecture estim\u00e9e":"2 minutes"},"schema":{"@context":"https:\/\/schema.org","@graph":[{"@type":"WebPage","@id":"https:\/\/simards.ca\/fr\/blog\/","url":"https:\/\/simards.ca\/fr\/blog\/","name":"Blog - Simard &amp; Associates","isPartOf":{"@id":"https:\/\/simards.ca\/#website"},"datePublished":"2022-06-13T14:51:51+00:00","dateModified":"2023-01-13T08:02:22+00:00","description":"| Simard &amp; Associates","breadcrumb":{"@id":"https:\/\/simards.ca\/fr\/blog\/#breadcrumb"},"inLanguage":"fr-FR","potentialAction":[{"@type":"ReadAction","target":["https:\/\/simards.ca\/fr\/blog\/"]}]},{"@type":"BreadcrumbList","@id":"https:\/\/simards.ca\/fr\/blog\/#breadcrumb","itemListElement":[{"@type":"ListItem","position":1,"name":"Home","item":"https:\/\/simards.ca\/fr\/"},{"@type":"ListItem","position":2,"name":"Blog"}]},{"@type":"WebSite","@id":"https:\/\/simards.ca\/#website","url":"https:\/\/simards.ca\/","name":"Simard &amp; Associates","description":"","publisher":{"@id":"https:\/\/simards.ca\/#organization"},"potentialAction":[{"@type":"SearchAction","target":{"@type":"EntryPoint","urlTemplate":"https:\/\/simards.ca\/?s={search_term_string}"},"query-input":{"@type":"PropertyValueSpecification","valueRequired":true,"valueName":"search_term_string"}}],"inLanguage":"fr-FR"},{"@type":"Organization","@id":"https:\/\/simards.ca\/#organization","name":"Simard & Associates","url":"https:\/\/simards.ca\/","logo":{"@type":"ImageObject","inLanguage":"fr-FR","@id":"https:\/\/simards.ca\/#\/schema\/logo\/image\/","url":"https:\/\/simards.ca\/wp-content\/uploads\/2022\/06\/logo.png","contentUrl":"https:\/\/simards.ca\/wp-content\/uploads\/2022\/06\/logo.png","width":311,"height":95,"caption":"Simard & Associates"},"image":{"@id":"https:\/\/simards.ca\/#\/schema\/logo\/image\/"}}]}},"_links":{"self":[{"href":"https:\/\/simards.ca\/fr\/wp-json\/wp\/v2\/pages\/138","targetHints":{"allow":["GET"]}}],"collection":[{"href":"https:\/\/simards.ca\/fr\/wp-json\/wp\/v2\/pages"}],"about":[{"href":"https:\/\/simards.ca\/fr\/wp-json\/wp\/v2\/types\/page"}],"author":[{"embeddable":true,"href":"https:\/\/simards.ca\/fr\/wp-json\/wp\/v2\/users\/1"}],"replies":[{"embeddable":true,"href":"https:\/\/simards.ca\/fr\/wp-json\/wp\/v2\/comments?post=138"}],"version-history":[{"count":2,"href":"https:\/\/simards.ca\/fr\/wp-json\/wp\/v2\/pages\/138\/revisions"}],"predecessor-version":[{"id":7140,"href":"https:\/\/simards.ca\/fr\/wp-json\/wp\/v2\/pages\/138\/revisions\/7140"}],"wp:attachment":[{"href":"https:\/\/simards.ca\/fr\/wp-json\/wp\/v2\/media?parent=138"}],"curies":[{"name":"wp","href":"https:\/\/api.w.org\/{rel}","templated":true}]}}