{"id":136,"date":"2022-06-13T14:51:04","date_gmt":"2022-06-13T14:51:04","guid":{"rendered":"https:\/\/simards.wpengine.com\/?page_id=136"},"modified":"2023-06-06T07:32:01","modified_gmt":"2023-06-06T07:32:01","slug":"a-propos","status":"publish","type":"page","link":"https:\/\/simards.ca\/fr\/a-propos\/","title":{"rendered":"\u00c0 Propos"},"content":{"rendered":"<p><div class=\"fusion-fullwidth fullwidth-box fusion-builder-row-1 fusion-flex-container nonhundred-percent-fullwidth non-hundred-percent-height-scrolling\" style=\"--awb-border-radius-top-left:0px;--awb-border-radius-top-right:0px;--awb-border-radius-bottom-right:0px;--awb-border-radius-bottom-left:0px;--awb-padding-top:20px;--awb-padding-bottom:20px;--awb-flex-wrap:wrap;\" ><div class=\"fusion-builder-row fusion-row fusion-flex-align-items-flex-start fusion-flex-content-wrap\" style=\"max-width:1248px;margin-left: calc(-4% \/ 2 );margin-right: calc(-4% \/ 2 );\"><div class=\"fusion-layout-column fusion_builder_column fusion-builder-column-0 fusion_builder_column_1_1 1_1 fusion-flex-column\" style=\"--awb-bg-size:cover;--awb-width-large:100%;--awb-margin-top-large:0px;--awb-spacing-right-large:1.92%;--awb-margin-bottom-large:0px;--awb-spacing-left-large:1.92%;--awb-width-medium:100%;--awb-order-medium:0;--awb-spacing-right-medium:1.92%;--awb-spacing-left-medium:1.92%;--awb-width-small:100%;--awb-order-small:0;--awb-spacing-right-small:1.92%;--awb-spacing-left-small:1.92%;\"><div class=\"fusion-column-wrapper fusion-column-has-shadow fusion-flex-justify-content-flex-start fusion-content-layout-column\"><div class=\"fusion-title title fusion-title-1 fusion-sep-none fusion-title-center fusion-title-text fusion-title-size-one\" style=\"--awb-margin-top:0px;--awb-margin-bottom:0px;--awb-margin-top-small:10px;--awb-margin-right-small:0px;--awb-margin-bottom-small:10px;--awb-margin-left-small:0px;\"><h1 class=\"fusion-title-heading title-heading-center\" style=\"margin:0;\">NOTRE HISTOIRE<\/h1><\/div><\/div><\/div><\/div><\/div><div class=\"fusion-fullwidth fullwidth-box fusion-builder-row-2 fusion-flex-container nonhundred-percent-fullwidth non-hundred-percent-height-scrolling\" style=\"--awb-border-radius-top-left:0px;--awb-border-radius-top-right:0px;--awb-border-radius-bottom-right:0px;--awb-border-radius-bottom-left:0px;--awb-padding-top:20px;--awb-padding-bottom:50px;--awb-flex-wrap:wrap;\" ><div class=\"fusion-builder-row fusion-row fusion-flex-align-items-stretch fusion-flex-content-wrap\" style=\"max-width:1248px;margin-left: calc(-4% \/ 2 );margin-right: calc(-4% \/ 2 );\"><div class=\"fusion-layout-column fusion_builder_column fusion-builder-column-1 fusion_builder_column_1_4 1_4 fusion-flex-column\" style=\"--awb-bg-size:cover;--awb-width-large:25%;--awb-margin-top-large:0px;--awb-spacing-right-large:10px;--awb-margin-bottom-large:20px;--awb-spacing-left-large:7.68%;--awb-width-medium:25%;--awb-order-medium:0;--awb-spacing-right-medium:10px;--awb-spacing-left-medium:7.68%;--awb-width-small:100%;--awb-order-small:0;--awb-spacing-right-small:1.92%;--awb-spacing-left-small:1.92%;\"><div class=\"fusion-column-wrapper fusion-column-has-shadow fusion-flex-justify-content-flex-start fusion-content-layout-column\"><div class=\"fusion-image-element \" style=\"--awb-caption-title-font-family:var(--h2_typography-font-family);--awb-caption-title-font-weight:var(--h2_typography-font-weight);--awb-caption-title-font-style:var(--h2_typography-font-style);--awb-caption-title-size:var(--h2_typography-font-size);--awb-caption-title-transform:var(--h2_typography-text-transform);--awb-caption-title-line-height:var(--h2_typography-line-height);--awb-caption-title-letter-spacing:var(--h2_typography-letter-spacing);\"><span class=\" fusion-imageframe imageframe-none imageframe-1 hover-type-none\"><img decoding=\"async\" width=\"427\" height=\"600\" alt=\"about content\" title=\"about-content\" src=\"https:\/\/simards.ca\/wp-content\/uploads\/2022\/08\/about-content.jpg\" class=\"img-responsive wp-image-6503\" srcset=\"https:\/\/simards.ca\/wp-content\/uploads\/2022\/08\/about-content-200x281.jpg 200w, https:\/\/simards.ca\/wp-content\/uploads\/2022\/08\/about-content-400x562.jpg 400w, https:\/\/simards.ca\/wp-content\/uploads\/2022\/08\/about-content.jpg 427w\" sizes=\"(max-width: 640px) 100vw, 400px\" \/><\/span><\/div><\/div><\/div><div class=\"fusion-layout-column fusion_builder_column fusion-builder-column-2 fusion_builder_column_1_2 1_2 fusion-flex-column\" style=\"--awb-bg-size:cover;--awb-width-large:50%;--awb-margin-top-large:0px;--awb-spacing-right-large:10px;--awb-margin-bottom-large:20px;--awb-spacing-left-large:10px;--awb-width-medium:50%;--awb-order-medium:0;--awb-spacing-right-medium:10px;--awb-spacing-left-medium:10px;--awb-width-small:100%;--awb-order-small:0;--awb-spacing-right-small:1.92%;--awb-spacing-left-small:1.92%;\"><div class=\"fusion-column-wrapper fusion-column-has-shadow fusion-flex-justify-content-flex-start fusion-content-layout-column\"><div class=\"fusion-text fusion-text-1 sm-text-align-left\" style=\"--awb-content-alignment:justify;\"><p>En 1996, Marc Simard, avocat, a fond\u00e9 une entreprise familiale sur la rue Edwards \u00e0 Rockland, \u00e0 l\u2019\u00e9poque connue sous le nom de Soci\u00e9t\u00e9 professionnelle Marc Simard. Le bureau offrait une vaste gamme de services juridiques afin de r\u00e9pondre aux besoins de la communaut\u00e9 en pleine croissance.<\/p>\n<p>Depuis l\u2019ouverture du cabinet, Simard &amp; Associ\u00e9s a su \u00e9tablir des relations de confiance avec ses clients, et d\u00e9velopper un vaste r\u00e9seau d\u2019alliances professionnelles et strat\u00e9giques et demeure un membre actif de la communaut\u00e9 de l\u2019est de l\u2019Ontario.<\/p>\n<p>Au fil des ans, le cabinet s\u2019est dat\u00e9 d\u2019une \u00e9quipe de professionnels comp\u00e9tents afin d\u2019offrir des services juridiques de grande qualit\u00e9 \u00e0 ses clients. Nous sommes maintenant une \u00e9quipe de 12 membres importants, compos\u00e9e de 4 avocats exer\u00e7ant dans de nombreux domaines du droit et travaillant en \u00e9troite collaboration avec nos adjointes juridiques hautement qualifi\u00e9es et notre \u00e9quipe de gestion.<\/p>\n<\/div><\/div><\/div><div class=\"fusion-layout-column fusion_builder_column fusion-builder-column-3 fusion_builder_column_1_4 1_4 fusion-flex-column\" style=\"--awb-bg-size:cover;--awb-width-large:25%;--awb-margin-top-large:0px;--awb-spacing-right-large:7.68%;--awb-margin-bottom-large:20px;--awb-spacing-left-large:10px;--awb-width-medium:25%;--awb-order-medium:0;--awb-spacing-right-medium:7.68%;--awb-spacing-left-medium:10px;--awb-width-small:100%;--awb-order-small:0;--awb-spacing-right-small:1.92%;--awb-spacing-left-small:1.92%;\"><div class=\"fusion-column-wrapper fusion-column-has-shadow fusion-flex-justify-content-flex-start fusion-content-layout-column\"><div class=\"fusion-image-element \" style=\"--awb-caption-title-font-family:var(--h2_typography-font-family);--awb-caption-title-font-weight:var(--h2_typography-font-weight);--awb-caption-title-font-style:var(--h2_typography-font-style);--awb-caption-title-size:var(--h2_typography-font-size);--awb-caption-title-transform:var(--h2_typography-text-transform);--awb-caption-title-line-height:var(--h2_typography-line-height);--awb-caption-title-letter-spacing:var(--h2_typography-letter-spacing);\"><span class=\" fusion-imageframe imageframe-none imageframe-2 hover-type-none\"><img decoding=\"async\" width=\"427\" height=\"571\" alt=\"img\" title=\"img-02\" src=\"https:\/\/simards.ca\/wp-content\/uploads\/2022\/06\/img-02.jpg\" class=\"img-responsive wp-image-156\" srcset=\"https:\/\/simards.ca\/wp-content\/uploads\/2022\/06\/img-02-200x267.jpg 200w, https:\/\/simards.ca\/wp-content\/uploads\/2022\/06\/img-02-400x535.jpg 400w, https:\/\/simards.ca\/wp-content\/uploads\/2022\/06\/img-02.jpg 427w\" sizes=\"(max-width: 640px) 100vw, 400px\" \/><\/span><\/div><\/div><\/div><div class=\"fusion-layout-column fusion_builder_column fusion-builder-column-4 fusion_builder_column_1_1 1_1 fusion-flex-column\" style=\"--awb-bg-size:cover;--awb-width-large:100%;--awb-margin-top-large:0px;--awb-spacing-right-large:1.92%;--awb-margin-bottom-large:20px;--awb-spacing-left-large:1.92%;--awb-width-medium:100%;--awb-order-medium:0;--awb-spacing-right-medium:1.92%;--awb-spacing-left-medium:1.92%;--awb-width-small:100%;--awb-order-small:0;--awb-spacing-right-small:1.92%;--awb-spacing-left-small:1.92%;\"><div class=\"fusion-column-wrapper fusion-column-has-shadow fusion-flex-justify-content-flex-start fusion-content-layout-column\"><div style=\"text-align:center;\"><a class=\"fusion-button button-flat fusion-button-default-size button-default fusion-button-default button-1 fusion-button-default-span fusion-button-default-type\" target=\"_self\" href=\"https:\/\/simards.ca\/fr\/notre-equipe\/\"><span class=\"fusion-button-text awb-button__text awb-button__text--default\">Rencontrez notre \u00e9quipe<\/span><i class=\"fa-arrow-right fas awb-button__icon awb-button__icon--default button-icon-right\" aria-hidden=\"true\"><\/i><\/a><\/div><\/div><\/div><\/div><\/div><div class=\"fusion-fullwidth fullwidth-box fusion-builder-row-3 fusion-flex-container nonhundred-percent-fullwidth non-hundred-percent-height-scrolling\" style=\"--awb-border-radius-top-left:0px;--awb-border-radius-top-right:0px;--awb-border-radius-bottom-right:0px;--awb-border-radius-bottom-left:0px;--awb-padding-top:50px;--awb-padding-bottom:50px;--awb-padding-right-medium:30px;--awb-padding-left-medium:30px;--awb-padding-right-small:15px;--awb-padding-left-small:15px;--awb-background-color:#f4f4f4;--awb-flex-wrap:wrap;\" ><div class=\"fusion-builder-row fusion-row fusion-flex-align-items-flex-start fusion-flex-content-wrap\" style=\"max-width:1248px;margin-left: calc(-4% \/ 2 );margin-right: calc(-4% \/ 2 );\"><div class=\"fusion-layout-column fusion_builder_column fusion-builder-column-5 fusion_builder_column_1_1 1_1 fusion-flex-column\" style=\"--awb-bg-size:cover;--awb-width-large:100%;--awb-margin-top-large:0px;--awb-spacing-right-large:1.92%;--awb-margin-bottom-large:20px;--awb-spacing-left-large:1.92%;--awb-width-medium:100%;--awb-order-medium:0;--awb-spacing-right-medium:1.92%;--awb-spacing-left-medium:1.92%;--awb-width-small:100%;--awb-order-small:0;--awb-spacing-right-small:1.92%;--awb-spacing-left-small:1.92%;\"><div class=\"fusion-column-wrapper fusion-column-has-shadow fusion-flex-justify-content-flex-start fusion-content-layout-column\"><div class=\"fusion-title title fusion-title-2 fusion-sep-none fusion-title-center fusion-title-text fusion-title-size-two\" style=\"--awb-margin-top-small:10px;--awb-margin-right-small:0px;--awb-margin-bottom-small:10px;--awb-margin-left-small:0px;\"><h2 class=\"fusion-title-heading title-heading-center\" style=\"margin:0;\">NOTRE MISSION<\/h2><\/div><div class=\"fusion-text fusion-text-2\"><p style=\"text-align: center;\">Chez Simard &amp; Associ\u00e9s, notre \u00e9quipe poss\u00e8de l\u2019exp\u00e9rience et les connaissances n\u00e9cessaires pour guider nos clients \u00e0 travers toutes les \u00e9tapes de leur dossier. Ayant pour objectif de cr\u00e9er une exp\u00e9rience positive pour nos clients et pour notre communaut\u00e9, nous offrons des services juridiques exceptionnels avec des solutions taill\u00e9s aux besoins de nos clients, m\u00eame dans les dossiers les plus complexes.<\/p>\n<\/div><\/div><\/div><\/div><\/div><div class=\"fusion-fullwidth fullwidth-box fusion-builder-row-4 fusion-flex-container fusion-parallax-none nonhundred-percent-fullwidth non-hundred-percent-height-scrolling\" style=\"--awb-border-radius-top-left:0px;--awb-border-radius-top-right:0px;--awb-border-radius-bottom-right:0px;--awb-border-radius-bottom-left:0px;--awb-padding-top:60px;--awb-padding-bottom:60px;--awb-padding-right-medium:30px;--awb-padding-left-medium:30px;--awb-padding-right-small:15px;--awb-padding-left-small:15px;--awb-background-image:url(&quot;https:\/\/simards.ca\/wp-content\/uploads\/2022\/08\/cta-bg.jpg&quot;);--awb-background-size:cover;--awb-flex-wrap:wrap;\" ><div class=\"fusion-builder-row fusion-row fusion-flex-align-items-flex-start fusion-flex-content-wrap\" style=\"max-width:1248px;margin-left: calc(-4% \/ 2 );margin-right: calc(-4% \/ 2 );\"><div class=\"fusion-layout-column fusion_builder_column fusion-builder-column-6 fusion_builder_column_1_1 1_1 fusion-flex-column\" style=\"--awb-bg-size:cover;--awb-width-large:100%;--awb-margin-top-large:0px;--awb-spacing-right-large:1.92%;--awb-margin-bottom-large:20px;--awb-spacing-left-large:1.92%;--awb-width-medium:100%;--awb-order-medium:0;--awb-spacing-right-medium:1.92%;--awb-spacing-left-medium:1.92%;--awb-width-small:100%;--awb-order-small:0;--awb-spacing-right-small:1.92%;--awb-spacing-left-small:1.92%;\"><div class=\"fusion-column-wrapper fusion-column-has-shadow fusion-flex-justify-content-flex-start fusion-content-layout-column\"><div class=\"fusion-title title fusion-title-3 fusion-sep-none fusion-title-center fusion-title-text fusion-title-size-three\" style=\"--awb-text-color:#ffffff;--awb-margin-top-small:10px;--awb-margin-right-small:0px;--awb-margin-bottom-small:10px;--awb-margin-left-small:0px;\"><h3 class=\"fusion-title-heading title-heading-center\" style=\"margin:0;\"><p style=\"text-align: center;\">NOUS NOUS ENGAGEONS \u00c0 VOUS AIDER \u00c0 R\u00c9USSIR \u00c0 CHAQUE \u00c9TAPE DU PROCESSUS<\/p><\/h3><\/div><div style=\"text-align:center;\"><a class=\"fusion-button button-flat fusion-button-default-size button-custom fusion-button-default button-2 fusion-button-default-span \" style=\"--button_accent_color:#111111;--button_border_color:#ffffff;--button_accent_hover_color:#ffffff;--button_border_hover_color:#345382;--button_gradient_top_color:#ffffff;--button_gradient_bottom_color:#ffffff;--button_gradient_top_color_hover:#345382;--button_gradient_bottom_color_hover:#345382;--button_text_transform:uppercase;\" target=\"_self\" href=\"https:\/\/simards.ca\/fr\/nous-joindre\/\"><span class=\"fusion-button-text awb-button__text awb-button__text--default\">COMMUNIQUEZ AVEC NOUS! <\/span><i class=\"fa-arrow-right fas awb-button__icon awb-button__icon--default button-icon-right\" aria-hidden=\"true\"><\/i><\/a><\/div><\/div><\/div><\/div><\/div><\/p>\n","protected":false},"excerpt":{"rendered":"","protected":false},"author":1,"featured_media":0,"parent":0,"menu_order":0,"comment_status":"closed","ping_status":"closed","template":"100-width.php","meta":{"footnotes":""},"class_list":["post-136","page","type-page","status-publish","hentry"],"yoast_head":"<!-- This site is optimized with the Yoast SEO plugin v27.4 - https:\/\/yoast.com\/product\/yoast-seo-wordpress\/ -->\n<title>\u00c0 Propos - Simard &amp; Associates<\/title>\n<meta name=\"description\" content=\"| Simard &amp; Associates\" \/>\n<meta name=\"robots\" content=\"index, follow, max-snippet:-1, max-image-preview:large, max-video-preview:-1\" \/>\n<link rel=\"canonical\" href=\"https:\/\/simards.ca\/fr\/a-propos\/\" \/>\n<meta property=\"og:locale\" content=\"fr_FR\" \/>\n<meta property=\"og:type\" content=\"article\" \/>\n<meta property=\"og:title\" content=\"\u00c0 Propos - Simard &amp; Associates\" \/>\n<meta property=\"og:description\" content=\"| Simard &amp; Associates\" \/>\n<meta property=\"og:url\" content=\"https:\/\/simards.ca\/fr\/a-propos\/\" \/>\n<meta property=\"og:site_name\" content=\"Simard &amp; Associates\" \/>\n<meta property=\"article:modified_time\" content=\"2023-06-06T07:32:01+00:00\" \/>\n<meta name=\"twitter:card\" content=\"summary_large_image\" \/>\n<meta name=\"twitter:label1\" content=\"Dur\u00e9e de lecture estim\u00e9e\" \/>\n\t<meta name=\"twitter:data1\" content=\"9 minutes\" \/>\n<script type=\"application\/ld+json\" class=\"yoast-schema-graph\">{\"@context\":\"https:\\\/\\\/schema.org\",\"@graph\":[{\"@type\":\"WebPage\",\"@id\":\"https:\\\/\\\/simards.ca\\\/fr\\\/a-propos\\\/\",\"url\":\"https:\\\/\\\/simards.ca\\\/fr\\\/a-propos\\\/\",\"name\":\"\u00c0 Propos - Simard &amp; Associates\",\"isPartOf\":{\"@id\":\"https:\\\/\\\/simards.ca\\\/#website\"},\"datePublished\":\"2022-06-13T14:51:04+00:00\",\"dateModified\":\"2023-06-06T07:32:01+00:00\",\"description\":\"| Simard &amp; Associates\",\"breadcrumb\":{\"@id\":\"https:\\\/\\\/simards.ca\\\/fr\\\/a-propos\\\/#breadcrumb\"},\"inLanguage\":\"fr-FR\",\"potentialAction\":[{\"@type\":\"ReadAction\",\"target\":[\"https:\\\/\\\/simards.ca\\\/fr\\\/a-propos\\\/\"]}]},{\"@type\":\"BreadcrumbList\",\"@id\":\"https:\\\/\\\/simards.ca\\\/fr\\\/a-propos\\\/#breadcrumb\",\"itemListElement\":[{\"@type\":\"ListItem\",\"position\":1,\"name\":\"Home\",\"item\":\"https:\\\/\\\/simards.ca\\\/fr\\\/\"},{\"@type\":\"ListItem\",\"position\":2,\"name\":\"\u00c0 Propos\"}]},{\"@type\":\"WebSite\",\"@id\":\"https:\\\/\\\/simards.ca\\\/#website\",\"url\":\"https:\\\/\\\/simards.ca\\\/\",\"name\":\"Simard &amp; Associates\",\"description\":\"\",\"publisher\":{\"@id\":\"https:\\\/\\\/simards.ca\\\/#organization\"},\"potentialAction\":[{\"@type\":\"SearchAction\",\"target\":{\"@type\":\"EntryPoint\",\"urlTemplate\":\"https:\\\/\\\/simards.ca\\\/?s={search_term_string}\"},\"query-input\":{\"@type\":\"PropertyValueSpecification\",\"valueRequired\":true,\"valueName\":\"search_term_string\"}}],\"inLanguage\":\"fr-FR\"},{\"@type\":\"Organization\",\"@id\":\"https:\\\/\\\/simards.ca\\\/#organization\",\"name\":\"Simard & Associates\",\"url\":\"https:\\\/\\\/simards.ca\\\/\",\"logo\":{\"@type\":\"ImageObject\",\"inLanguage\":\"fr-FR\",\"@id\":\"https:\\\/\\\/simards.ca\\\/#\\\/schema\\\/logo\\\/image\\\/\",\"url\":\"https:\\\/\\\/simards.ca\\\/wp-content\\\/uploads\\\/2022\\\/06\\\/logo.png\",\"contentUrl\":\"https:\\\/\\\/simards.ca\\\/wp-content\\\/uploads\\\/2022\\\/06\\\/logo.png\",\"width\":311,\"height\":95,\"caption\":\"Simard & Associates\"},\"image\":{\"@id\":\"https:\\\/\\\/simards.ca\\\/#\\\/schema\\\/logo\\\/image\\\/\"}}]}<\/script>\n<!-- \/ Yoast SEO plugin. -->","yoast_head_json":{"title":"\u00c0 Propos - Simard &amp; Associates","description":"| Simard &amp; Associates","robots":{"index":"index","follow":"follow","max-snippet":"max-snippet:-1","max-image-preview":"max-image-preview:large","max-video-preview":"max-video-preview:-1"},"canonical":"https:\/\/simards.ca\/fr\/a-propos\/","og_locale":"fr_FR","og_type":"article","og_title":"\u00c0 Propos - Simard &amp; Associates","og_description":"| Simard &amp; Associates","og_url":"https:\/\/simards.ca\/fr\/a-propos\/","og_site_name":"Simard &amp; Associates","article_modified_time":"2023-06-06T07:32:01+00:00","twitter_card":"summary_large_image","twitter_misc":{"Dur\u00e9e de lecture estim\u00e9e":"9 minutes"},"schema":{"@context":"https:\/\/schema.org","@graph":[{"@type":"WebPage","@id":"https:\/\/simards.ca\/fr\/a-propos\/","url":"https:\/\/simards.ca\/fr\/a-propos\/","name":"\u00c0 Propos - Simard &amp; Associates","isPartOf":{"@id":"https:\/\/simards.ca\/#website"},"datePublished":"2022-06-13T14:51:04+00:00","dateModified":"2023-06-06T07:32:01+00:00","description":"| Simard &amp; Associates","breadcrumb":{"@id":"https:\/\/simards.ca\/fr\/a-propos\/#breadcrumb"},"inLanguage":"fr-FR","potentialAction":[{"@type":"ReadAction","target":["https:\/\/simards.ca\/fr\/a-propos\/"]}]},{"@type":"BreadcrumbList","@id":"https:\/\/simards.ca\/fr\/a-propos\/#breadcrumb","itemListElement":[{"@type":"ListItem","position":1,"name":"Home","item":"https:\/\/simards.ca\/fr\/"},{"@type":"ListItem","position":2,"name":"\u00c0 Propos"}]},{"@type":"WebSite","@id":"https:\/\/simards.ca\/#website","url":"https:\/\/simards.ca\/","name":"Simard &amp; Associates","description":"","publisher":{"@id":"https:\/\/simards.ca\/#organization"},"potentialAction":[{"@type":"SearchAction","target":{"@type":"EntryPoint","urlTemplate":"https:\/\/simards.ca\/?s={search_term_string}"},"query-input":{"@type":"PropertyValueSpecification","valueRequired":true,"valueName":"search_term_string"}}],"inLanguage":"fr-FR"},{"@type":"Organization","@id":"https:\/\/simards.ca\/#organization","name":"Simard & Associates","url":"https:\/\/simards.ca\/","logo":{"@type":"ImageObject","inLanguage":"fr-FR","@id":"https:\/\/simards.ca\/#\/schema\/logo\/image\/","url":"https:\/\/simards.ca\/wp-content\/uploads\/2022\/06\/logo.png","contentUrl":"https:\/\/simards.ca\/wp-content\/uploads\/2022\/06\/logo.png","width":311,"height":95,"caption":"Simard & Associates"},"image":{"@id":"https:\/\/simards.ca\/#\/schema\/logo\/image\/"}}]}},"_links":{"self":[{"href":"https:\/\/simards.ca\/fr\/wp-json\/wp\/v2\/pages\/136","targetHints":{"allow":["GET"]}}],"collection":[{"href":"https:\/\/simards.ca\/fr\/wp-json\/wp\/v2\/pages"}],"about":[{"href":"https:\/\/simards.ca\/fr\/wp-json\/wp\/v2\/types\/page"}],"author":[{"embeddable":true,"href":"https:\/\/simards.ca\/fr\/wp-json\/wp\/v2\/users\/1"}],"replies":[{"embeddable":true,"href":"https:\/\/simards.ca\/fr\/wp-json\/wp\/v2\/comments?post=136"}],"version-history":[{"count":2,"href":"https:\/\/simards.ca\/fr\/wp-json\/wp\/v2\/pages\/136\/revisions"}],"predecessor-version":[{"id":7587,"href":"https:\/\/simards.ca\/fr\/wp-json\/wp\/v2\/pages\/136\/revisions\/7587"}],"wp:attachment":[{"href":"https:\/\/simards.ca\/fr\/wp-json\/wp\/v2\/media?parent=136"}],"curies":[{"name":"wp","href":"https:\/\/api.w.org\/{rel}","templated":true}]}}